{"id":4545,"date":"2025-09-25T08:15:05","date_gmt":"2025-09-25T08:15:05","guid":{"rendered":"https:\/\/stoic-ganguly.178-32-136-152.plesk.page\/?page_id=4545"},"modified":"2026-02-11T13:05:54","modified_gmt":"2026-02-11T13:05:54","slug":"desteenazione","status":"publish","type":"page","link":"https:\/\/unionemontanadeicomunidelsangro.it\/index.php\/desteenazione\/","title":{"rendered":"DesTEENazione"},"content":{"rendered":"<p>[et_pb_section fb_built=&#8221;1&#8243; fullwidth=&#8221;on&#8221; _builder_version=&#8221;4.27.4&#8243; _module_preset=&#8221;default&#8221; global_colors_info=&#8221;{}&#8221;][et_pb_fullwidth_slider use_bg_overlay=&#8221;off&#8221; _builder_version=&#8221;4.27.4&#8243; _module_preset=&#8221;default&#8221; custom_padding=&#8221;356px||146px|||&#8221; global_colors_info=&#8221;{}&#8221;][et_pb_slide image=&#8221;https:\/\/unionemontanadeicomunidelsangro.it\/wp-content\/uploads\/2025\/10\/logo1.png&#8221; use_bg_overlay=&#8221;off&#8221; use_text_overlay=&#8221;off&#8221; _builder_version=&#8221;4.27.4&#8243; _module_preset=&#8221;default&#8221; background_enable_color=&#8221;off&#8221; background_image=&#8221;https:\/\/unionemontanadeicomunidelsangro.it\/wp-content\/uploads\/2025\/09\/Background-grafico_6.jpg&#8221; background_enable_image=&#8221;on&#8221; parallax=&#8221;on&#8221; border_color_all_image=&#8221;#FFFFFF&#8221; global_colors_info=&#8221;{}&#8221; sticky_transition=&#8221;on&#8221;][\/et_pb_slide][et_pb_slide image=&#8221;https:\/\/unionemontanadeicomunidelsangro.it\/wp-content\/uploads\/2025\/10\/logo1.png&#8221; _builder_version=&#8221;4.27.4&#8243; _module_preset=&#8221;default&#8221; background_enable_color=&#8221;off&#8221; background_image=&#8221;https:\/\/unionemontanadeicomunidelsangro.it\/wp-content\/uploads\/2025\/10\/Background-grafico_1.jpg&#8221; background_enable_image=&#8221;on&#8221; parallax=&#8221;on&#8221; global_colors_info=&#8221;{}&#8221; sticky_transition=&#8221;on&#8221;][\/et_pb_slide][\/et_pb_fullwidth_slider][\/et_pb_section][et_pb_section fb_built=&#8221;1&#8243; _builder_version=&#8221;4.27.4&#8243; _module_preset=&#8221;default&#8221; background_image=&#8221;https:\/\/unionemontanadeicomunidelsangro.it\/wp-content\/uploads\/2025\/10\/bg-scaled.jpg&#8221; parallax=&#8221;on&#8221; global_colors_info=&#8221;{}&#8221;][et_pb_row _builder_version=&#8221;4.27.4&#8243; _module_preset=&#8221;default&#8221; background_color=&#8221;rgba(255,255,255,0.94)&#8221; global_colors_info=&#8221;{}&#8221;][et_pb_column type=&#8221;4_4&#8243; _builder_version=&#8221;4.27.4&#8243; _module_preset=&#8221;default&#8221; global_colors_info=&#8221;{}&#8221;][et_pb_text _builder_version=&#8221;4.27.4&#8243; _module_preset=&#8221;default&#8221; border_width_all=&#8221;22px&#8221; border_color_all=&#8221;#FFFFFF&#8221; global_colors_info=&#8221;{}&#8221;]<\/p>\n<h1><span style=\"color: #7cda24;\"><strong>DesTEENazione &#8211; Desideri in azione Comunit\u00e0 Adolescenti<\/strong><\/span><\/h1>\n<h2><strong><\/strong><\/h2>\n<p class=\"s3\"><span class=\"s2\">DesTEENazione<\/span><span class=\"s2\"> \u2013 Desideri in <\/span><span class=\"s2\">A<\/span><span class=\"s2\">zione<\/span><span class=\"s2\"> Comunit\u00e0 Adolescenti<\/span><\/p>\n<h2 class=\"s3\"><span class=\"s2\" style=\"color: #ff0000;\">Il Progetto<\/span><\/h2>\n<p class=\"s3\" style=\"text-align: justify;\"><span class=\"s2\">D<\/span><span class=\"s2\">esTEENazione<\/span><span>\u00a0\u2013\u00a0<\/span><span class=\"s2\">Spazio multifunzionale di esperienza G.A.L.A.S.S.I.A<\/span><span>\u00a0(<\/span><span class=\"s4\">Giovani e Adolescenti Leader mediante Azioni, Strumenti e Servizi d\u2019Inclusione in Abruzzo<\/span><span>) \u00e8 il progetto promosso dall\u2019Unione Montana dei Comuni del Sangro in sinergia con il Comune di Atessa (CH) che ha come destinatari adolescenti e giovani di et\u00e0 compresa tra gli 11 e i 21 anni con le relative famiglie, residenti nei 37 Comuni che costituiscono <\/span><span>l\u2019Ambito<\/span><span> Distrettuale Sociale Sangro-Aventino<\/span><span>.<\/span><span> Il progetto, finanziato dal Ministero per il Lavoro e le Politiche Sociali con risorse del Piano Nazionale di Inclusione e Lotta alla Povert\u00e0 2021-2027 \u2013 FSE+, \u00e8 stato il primo dei tre progetti approvati per la Regione Abruzzo, con un finanziamento di\u00a0 3,2 milioni di euro.<\/span><\/p>\n<p class=\"s3\" style=\"text-align: justify;\"><span>La sperimentazione avr\u00e0 durata triennale, con avvio delle attivit\u00e0 a <\/span><span>ottobre<\/span><span> 2025.<\/span><\/p>\n<p class=\"s3\" style=\"text-align: justify;\"><span>Lo Spazio multifunzionale <\/span><span>D<\/span><span>esTEENazione<\/span><span> (Spazio G.A.L.A.S.S.I.A.) sar\u00e0 ospitato presso i locali degli ex Uffici Giudiziari ad Atessa, messi a disposizione dal Comune <\/span><span class=\"s5\">di Atessa<\/span><span>, e debitamente ristrutturati e adeguati mediante Fondi FESR all\u2019interno del pi\u00f9 ampio piano di rigenerazione urbana promosso <\/span><span>dall\u2019<\/span><span>A<\/span><span>mministrazione<\/span><span>.<\/span><\/p>\n<p class=\"s6\" style=\"text-align: justify;\"><span>Sar\u00e0 un presidio dedicato ad adolescenti e giovani e alle loro famiglie, che garantir\u00e0 l\u2019apertura e la promozione di numerose attivit\u00e0 per sei giorni alla settimana, in fascia sia mattutina che pomeridiana.<\/span><\/p>\n<p class=\"s3\"><span>\u00a0<\/span><\/p>\n<h2 class=\"s3\"><span class=\"s2\" style=\"color: #ff0000;\">Le Attivit\u00e0<\/span><\/h2>\n<p class=\"s3\" style=\"text-align: justify;\"><span class=\"s2\">D<\/span><span class=\"s2\">esTEENazione<\/span><span>\u00a0(Spazio G.A.L.A.S.S.I.A.) \u00e8 uno spazio fisico che intende favorire l\u2019integrazione e il potenziamento dei servizi per <\/span><span>pre<\/span><span>-adolescenti e adolescenti per rispondere, in modo flessibile ed integrato, alle diverse esigenze dei giovani e delle famiglie, nell\u2019ottica di una presa in carico globale. Promuover\u00e0 attivit\u00e0, interamente gratuite, di animazione territoriale, informazione, sensibilizzazione, formazione e accompagnamento ai ragazzi e alle ragazze che vivono sul territorio, facendosi promotore di uno spazio plurale, accessibile e partecipato.<\/span><\/p>\n<p class=\"s3\" style=\"text-align: justify;\"><span>L\u2019intervento si articoler\u00e0 in Linee d\u2019Azione che si intersecano ed integrano tra loro:<\/span><\/p>\n<div class=\"s8\" style=\"text-align: justify;\"><span class=\"s7\">\u2022 <\/span><span class=\"s2\">\u201cAggregazione e accompagnamento socioeducativo ed educativa di strada\u201d<\/span><\/div>\n<div class=\"s8\" style=\"text-align: justify;\"><span class=\"s7\">\u2022 <\/span><span>Il centro sar\u00e0 un polo multifunzionale che sperimenter\u00e0 un servizio integrato di virtuosa contaminazione multidisciplinare a valenza prevalentemente socio-educativa. Svilupper\u00e0 2 funzioni: <\/span><span>animativa<\/span><span> <\/span><span>e<\/span><span>d<\/span><span> educativa, volte entrambe a favorire l\u2019aggregazione tra coetanei, la socializzazione culturale, il protagonismo sociale degli adolescenti.\u00a0<\/span><span class=\"s2\">D<\/span><span class=\"s2\">esTEENazione<\/span><span>\u00a0(Spazio G.A.L.A.S.S.I.A.) promuover\u00e0 iniziative capaci di sviluppare e sperimentare la creativit\u00e0 dei ragazzi attraverso l\u2019attivazione di laboratori teatrali, di musica moderna, di arte e fumetto, di radio e regia cinematografica, nonch\u00e9 di scrittura creativa, promuovendo commistioni tra le varie discipline affrontando tematiche legate all\u2019ambiente, alle differenze culturali, alla parit\u00e0 di genere, alla cittadinanza inclusiva.<\/span><\/div>\n<p class=\"s3\" style=\"text-align: justify;\"><span>Le attivit\u00e0 saranno sia strutturate e formali, guidate da appositi operatori ed esperti, sia informali e spontanee, promosse in autogestione dai ragazzi e dalle ragazze <\/span><span>e<\/span><span>,<\/span><span> volte<\/span><span> a stimolare tra i ragazzi e le ragazze il confronto, la condivisione, la partecipazione attiva e la cooperazione.<\/span><\/p>\n<p class=\"s3\" style=\"text-align: justify;\"><span class=\"s2\">D<\/span><span class=\"s2\">esTEENazione<\/span><span>\u00a0(Spazio G.A.L.A.S.S.I.A.) ospiter\u00e0 anche spazi studio dove gli studenti potranno fruire di tutoraggio e sostegno nella realizzazione dei compiti oppure studiare in autonomia.<\/span><\/p>\n<div class=\"s8\" style=\"text-align: justify;\"><span class=\"s7\">\u2022 <\/span><span>Attivit\u00e0 di educativa di strada, che consentiranno agli operatori di arrivare direttamente nei luoghi di vita e di aggregazione dei giovani in tutti i Comuni <\/span><span>appartenenti<\/span><span> <\/span><span>all\u2019Ambito Distrettuale Sociale Sangro-Aventino<\/span><span>.<\/span><\/div>\n<div class=\"s8\" style=\"text-align: justify;\"><span class=\"s7\">\u2022 <\/span><span>Patti educativi di <\/span><span>C<\/span><span>omunit\u00e0<\/span><span> \u2013 e progetti <\/span><span>Get<\/span><span> up tra scuola e territorio per la promozione dell\u2019autonomia degli adolescenti.<\/span><\/div>\n<div class=\"s8\" style=\"text-align: justify;\"><span class=\"s7\">\u2022 <\/span><span>P<\/span><span>rogetti<\/span><span> G.E.T. U.P. \u2013 Giovani ed Esperienze Trasformative di Utilit\u00e0 sociale e Partecipazione, da realizzare in collaborazione con le scuole del territorio, che prevedono l\u2019elaborazione, in maniera autonoma, da parte dei ragazzi, di idee progettuali volte a promuovere il territorio, i diritti, l\u2019inclusione sociale e contrastare la dispersione e l\u2019abbandono scolastico.<\/span><\/div>\n<p class=\"s3\" style=\"text-align: justify;\"><span>\u00a0<\/span><\/p>\n<div class=\"s8\" style=\"text-align: justify;\"><span class=\"s7\">\u2022 <\/span><span class=\"s2\">Prevenzione dell\u2019abbandono scolastico\u00a0\u2013 linee di azione \u201cAzioni educative per la prevenzione dell\u2019abbandono scolastico\u201d e \u201cTirocini di inclusione\u201d<\/span><\/div>\n<p class=\"s3\" style=\"text-align: justify;\"><span>L\u2019azione si rivolge a giovani di et\u00e0 compresa tra 16 e 19 anni, che mostrano difficolt\u00e0 nel percorso scolastico e che sono ad alto rischio di dispersione e, laddove possibile, alle loro famiglie.<\/span><\/p>\n<p class=\"s3\" style=\"text-align: justify;\"><span>L\u2019obiettivo \u00e8 quello di stimolare processi partecipati di contrasto alla dispersione scolastica per rinforzare lo sviluppo emotivo e cognitivo dei ragazzi e delle ragazze attraverso l\u2019empowerment delle competenze di base e di cittadinanza, le soft skills e le competenze digitali con percorsi personalizzati di orientamento al futuro.<\/span><\/p>\n<p class=\"s3\" style=\"text-align: justify;\"><span>Verranno promosse attivit\u00e0 innovative di orientamento, corsi, anche a qualifica regionale e tirocini di inclusione in rete con il sistema produttivo locale, attivit\u00e0 di tipo creativo affinch\u00e9 i giovani possano esercitare e affinare le proprie capacit\u00e0 di <\/span><span>problem<\/span><span> solving, lavoro di squadra, leadership, di organizzazione e pianificazione del lavoro.<\/span><\/p>\n<p class=\"s3\" style=\"text-align: justify;\"><span>\u00a0<\/span><\/p>\n<div class=\"s8\" style=\"text-align: justify;\"><span class=\"s7\">\u2022 <\/span><span class=\"s2\">Sostegno psicologico \u2013 linee di azione \u201cAccompagnamento e supporto alle figure genitoriali\u201d e \u201cAccompagnamento psicologico ragazzi e promozione dell\u2019intelligenza emotiva\u201d<\/span><\/div>\n<p class=\"s3\" style=\"text-align: justify;\"><span class=\"s2\">D<\/span><span class=\"s2\">esTEENazione<\/span><span>\u00a0(Spazio G.A.L.A.S.S.I.A.) <\/span><span>garantir\u00e0<\/span><span> sostegno psicologico ai ragazzi, alle ragazze e alle loro famiglie per offrire ascolto e supporto nell\u2019affrontare vulnerabilit\u00e0 personali e sociali, anche temporanee. Il servizio <\/span><span>assicurer\u00e0<\/span><span> occasioni di crescita personale, attraverso l\u2019accompagnamento psicologico individuale, e attivit\u00e0 e laboratori di gruppo su intelligenza emotiva, consapevolezza di s\u00e9 e degli altri e orientamento verso i servizi specialistici. Saranno altres\u00ec promosse attivit\u00e0 informative e divulgative su gestione delle dipendenze, disturbi del comportamento alimentare, qualit\u00e0 delle relazioni affettive e dinamiche tra pari<\/span><\/p>\n<p class=\"s3\" style=\"text-align: justify;\"><span>\u00a0<\/span><\/p>\n<p>[\/et_pb_text][et_pb_button button_text=&#8221;Costruiamo  insieme attivit\u00e0, spazi e progetti partecipa al sondaggio !&#8221; _builder_version=&#8221;4.27.4&#8243; _module_preset=&#8221;default&#8221; button_url=&#8221;https:\/\/docs.google.com\/forms\/d\/e\/1FAIpQLSfkkhAXbZadMGer8ProdCuT424q3IQ9kBVlRafUR0wtBfs0lw\/viewform&#8221; url_new_window=&#8221;on&#8221; hover_enabled=&#8221;0&#8243; sticky_enabled=&#8221;0&#8243; button_alignment=&#8221;center&#8221; custom_button=&#8221;on&#8221; button_text_color=&#8221;#FFFFFF&#8221; button_bg_color=&#8221;#E09900&#8243; button_bg_enable_color=&#8221;on&#8221; button_text_size=&#8221;28px&#8221;][\/et_pb_button][et_pb_video src=&#8221;https:\/\/www.youtube.com\/watch?v=TjN5eJtcoso&#8221; _builder_version=&#8221;4.27.4&#8243; _module_preset=&#8221;default&#8221; hover_enabled=&#8221;0&#8243; global_colors_info=&#8221;{}&#8221; sticky_enabled=&#8221;0&#8243;][\/et_pb_video][et_pb_text _builder_version=&#8221;4.27.4&#8243; _module_preset=&#8221;default&#8221; hover_enabled=&#8221;0&#8243; sticky_enabled=&#8221;0&#8243;]<\/p>\n<p style=\"text-align: center;\">Info: <span class=\"s1\"><\/span><a href=\"mailto:ecad12.desteenazione@gmail.com%20\"><b>ecad12.desteenazione@gmail.com <\/b><\/a><b><\/b><\/p>\n<p>[\/et_pb_text][\/et_pb_column][\/et_pb_row][et_pb_row _builder_version=&#8221;4.27.4&#8243; _module_preset=&#8221;default&#8221; global_colors_info=&#8221;{}&#8221;][et_pb_column type=&#8221;4_4&#8243; _builder_version=&#8221;4.27.4&#8243; _module_preset=&#8221;default&#8221; global_colors_info=&#8221;{}&#8221;][et_pb_blog fullwidth=&#8221;off&#8221; include_categories=&#8221;8&#8243; show_more=&#8221;on&#8221; show_author=&#8221;off&#8221; _builder_version=&#8221;4.27.4&#8243; _module_preset=&#8221;default&#8221; global_colors_info=&#8221;{}&#8221;][\/et_pb_blog][\/et_pb_column][\/et_pb_row][\/et_pb_section][et_pb_section fb_built=&#8221;1&#8243; fullwidth=&#8221;on&#8221; _builder_version=&#8221;4.27.4&#8243; _module_preset=&#8221;default&#8221; global_colors_info=&#8221;{}&#8221;][et_pb_fullwidth_image src=&#8221;https:\/\/unionemontanadeicomunidelsangro.it\/wp-content\/uploads\/2025\/10\/trenino.jpg&#8221; title_text=&#8221;trenino&#8221; _builder_version=&#8221;4.27.4&#8243; _module_preset=&#8221;default&#8221; max_width=&#8221;43%&#8221; module_alignment=&#8221;center&#8221; global_colors_info=&#8221;{}&#8221;][\/et_pb_fullwidth_image][\/et_pb_section]<\/p>\n","protected":false},"excerpt":{"rendered":"<p>DesTEENazione &#8211; Desideri in azione Comunit\u00e0 Adolescenti DesTEENazione \u2013 Desideri in Azione Comunit\u00e0 Adolescenti Il Progetto DesTEENazione\u00a0\u2013\u00a0Spazio multifunzionale di esperienza G.A.L.A.S.S.I.A\u00a0(Giovani e Adolescenti Leader mediante Azioni, Strumenti e Servizi d\u2019Inclusione in Abruzzo) \u00e8 il progetto promosso dall\u2019Unione Montana dei Comuni del Sangro in sinergia con il Comune di Atessa (CH) che ha come destinatari adolescenti [&hellip;]<\/p>\n","protected":false},"author":1,"featured_media":0,"parent":0,"menu_order":0,"comment_status":"closed","ping_status":"closed","template":"","meta":{"_et_pb_use_builder":"on","_et_pb_old_content":"","_et_gb_content_width":"","footnotes":""},"class_list":["post-4545","page","type-page","status-publish","hentry"],"yoast_head":"<!-- This site is optimized with the Yoast SEO plugin v27.3 - https:\/\/yoast.com\/product\/yoast-seo-wordpress\/ -->\n<title>DesTEENazione - Unione Montana dei Comuni del Sangro<\/title>\n<meta name=\"robots\" content=\"index, follow, max-snippet:-1, max-image-preview:large, max-video-preview:-1\" \/>\n<link rel=\"canonical\" href=\"https:\/\/unionemontanadeicomunidelsangro.it\/index.php\/desteenazione\/\" \/>\n<meta property=\"og:locale\" content=\"it_IT\" \/>\n<meta property=\"og:type\" content=\"article\" \/>\n<meta property=\"og:title\" content=\"DesTEENazione - Unione Montana dei Comuni del Sangro\" \/>\n<meta property=\"og:description\" content=\"DesTEENazione - Desideri in azione Comunit\u00e0 Adolescenti DesTEENazione \u2013 Desideri in Azione Comunit\u00e0 Adolescenti Il Progetto DesTEENazione\u00a0\u2013\u00a0Spazio multifunzionale di esperienza G.A.L.A.S.S.I.A\u00a0(Giovani e Adolescenti Leader mediante Azioni, Strumenti e Servizi d\u2019Inclusione in Abruzzo) \u00e8 il progetto promosso dall\u2019Unione Montana dei Comuni del Sangro in sinergia con il Comune di Atessa (CH) che ha come destinatari adolescenti [&hellip;]\" \/>\n<meta property=\"og:url\" content=\"https:\/\/unionemontanadeicomunidelsangro.it\/index.php\/desteenazione\/\" \/>\n<meta property=\"og:site_name\" content=\"Unione Montana dei Comuni del Sangro\" \/>\n<meta property=\"article:modified_time\" content=\"2026-02-11T13:05:54+00:00\" \/>\n<meta name=\"twitter:card\" content=\"summary_large_image\" \/>\n<script type=\"application\/ld+json\" class=\"yoast-schema-graph\">{\"@context\":\"https:\\\/\\\/schema.org\",\"@graph\":[{\"@type\":\"WebPage\",\"@id\":\"https:\\\/\\\/unionemontanadeicomunidelsangro.it\\\/index.php\\\/desteenazione\\\/\",\"url\":\"https:\\\/\\\/unionemontanadeicomunidelsangro.it\\\/index.php\\\/desteenazione\\\/\",\"name\":\"DesTEENazione - Unione Montana dei Comuni del Sangro\",\"isPartOf\":{\"@id\":\"https:\\\/\\\/unionemontanadeicomunidelsangro.it\\\/#website\"},\"datePublished\":\"2025-09-25T08:15:05+00:00\",\"dateModified\":\"2026-02-11T13:05:54+00:00\",\"breadcrumb\":{\"@id\":\"https:\\\/\\\/unionemontanadeicomunidelsangro.it\\\/index.php\\\/desteenazione\\\/#breadcrumb\"},\"inLanguage\":\"it-IT\",\"potentialAction\":[{\"@type\":\"ReadAction\",\"target\":[\"https:\\\/\\\/unionemontanadeicomunidelsangro.it\\\/index.php\\\/desteenazione\\\/\"]}]},{\"@type\":\"BreadcrumbList\",\"@id\":\"https:\\\/\\\/unionemontanadeicomunidelsangro.it\\\/index.php\\\/desteenazione\\\/#breadcrumb\",\"itemListElement\":[{\"@type\":\"ListItem\",\"position\":1,\"name\":\"Home\",\"item\":\"https:\\\/\\\/unionemontanadeicomunidelsangro.it\\\/\"},{\"@type\":\"ListItem\",\"position\":2,\"name\":\"DesTEENazione\"}]},{\"@type\":\"WebSite\",\"@id\":\"https:\\\/\\\/unionemontanadeicomunidelsangro.it\\\/#website\",\"url\":\"https:\\\/\\\/unionemontanadeicomunidelsangro.it\\\/\",\"name\":\"Unione Montana dei Comuni del Sangro\",\"description\":\"L\u2019Unione Montana dei Comuni del Sangro \u00e8 un ente locale con sede a Villa Santa Maria (CH) che riunisce i comuni di Bomba, Colledimezzo, Montebello sul Sangro, Monteferrante, Montelapiano, Montenerodomo, Pietraferrazzana, Roio del Sangro e Rosello.\",\"potentialAction\":[{\"@type\":\"SearchAction\",\"target\":{\"@type\":\"EntryPoint\",\"urlTemplate\":\"https:\\\/\\\/unionemontanadeicomunidelsangro.it\\\/?s={search_term_string}\"},\"query-input\":{\"@type\":\"PropertyValueSpecification\",\"valueRequired\":true,\"valueName\":\"search_term_string\"}}],\"inLanguage\":\"it-IT\"}]}<\/script>\n<!-- \/ Yoast SEO plugin. -->","yoast_head_json":{"title":"DesTEENazione - Unione Montana dei Comuni del Sangro","robots":{"index":"index","follow":"follow","max-snippet":"max-snippet:-1","max-image-preview":"max-image-preview:large","max-video-preview":"max-video-preview:-1"},"canonical":"https:\/\/unionemontanadeicomunidelsangro.it\/index.php\/desteenazione\/","og_locale":"it_IT","og_type":"article","og_title":"DesTEENazione - Unione Montana dei Comuni del Sangro","og_description":"DesTEENazione - Desideri in azione Comunit\u00e0 Adolescenti DesTEENazione \u2013 Desideri in Azione Comunit\u00e0 Adolescenti Il Progetto DesTEENazione\u00a0\u2013\u00a0Spazio multifunzionale di esperienza G.A.L.A.S.S.I.A\u00a0(Giovani e Adolescenti Leader mediante Azioni, Strumenti e Servizi d\u2019Inclusione in Abruzzo) \u00e8 il progetto promosso dall\u2019Unione Montana dei Comuni del Sangro in sinergia con il Comune di Atessa (CH) che ha come destinatari adolescenti [&hellip;]","og_url":"https:\/\/unionemontanadeicomunidelsangro.it\/index.php\/desteenazione\/","og_site_name":"Unione Montana dei Comuni del Sangro","article_modified_time":"2026-02-11T13:05:54+00:00","twitter_card":"summary_large_image","schema":{"@context":"https:\/\/schema.org","@graph":[{"@type":"WebPage","@id":"https:\/\/unionemontanadeicomunidelsangro.it\/index.php\/desteenazione\/","url":"https:\/\/unionemontanadeicomunidelsangro.it\/index.php\/desteenazione\/","name":"DesTEENazione - Unione Montana dei Comuni del Sangro","isPartOf":{"@id":"https:\/\/unionemontanadeicomunidelsangro.it\/#website"},"datePublished":"2025-09-25T08:15:05+00:00","dateModified":"2026-02-11T13:05:54+00:00","breadcrumb":{"@id":"https:\/\/unionemontanadeicomunidelsangro.it\/index.php\/desteenazione\/#breadcrumb"},"inLanguage":"it-IT","potentialAction":[{"@type":"ReadAction","target":["https:\/\/unionemontanadeicomunidelsangro.it\/index.php\/desteenazione\/"]}]},{"@type":"BreadcrumbList","@id":"https:\/\/unionemontanadeicomunidelsangro.it\/index.php\/desteenazione\/#breadcrumb","itemListElement":[{"@type":"ListItem","position":1,"name":"Home","item":"https:\/\/unionemontanadeicomunidelsangro.it\/"},{"@type":"ListItem","position":2,"name":"DesTEENazione"}]},{"@type":"WebSite","@id":"https:\/\/unionemontanadeicomunidelsangro.it\/#website","url":"https:\/\/unionemontanadeicomunidelsangro.it\/","name":"Unione Montana dei Comuni del Sangro","description":"L\u2019Unione Montana dei Comuni del Sangro \u00e8 un ente locale con sede a Villa Santa Maria (CH) che riunisce i comuni di Bomba, Colledimezzo, Montebello sul Sangro, Monteferrante, Montelapiano, Montenerodomo, Pietraferrazzana, Roio del Sangro e Rosello.","potentialAction":[{"@type":"SearchAction","target":{"@type":"EntryPoint","urlTemplate":"https:\/\/unionemontanadeicomunidelsangro.it\/?s={search_term_string}"},"query-input":{"@type":"PropertyValueSpecification","valueRequired":true,"valueName":"search_term_string"}}],"inLanguage":"it-IT"}]}},"_links":{"self":[{"href":"https:\/\/unionemontanadeicomunidelsangro.it\/index.php\/wp-json\/wp\/v2\/pages\/4545","targetHints":{"allow":["GET"]}}],"collection":[{"href":"https:\/\/unionemontanadeicomunidelsangro.it\/index.php\/wp-json\/wp\/v2\/pages"}],"about":[{"href":"https:\/\/unionemontanadeicomunidelsangro.it\/index.php\/wp-json\/wp\/v2\/types\/page"}],"author":[{"embeddable":true,"href":"https:\/\/unionemontanadeicomunidelsangro.it\/index.php\/wp-json\/wp\/v2\/users\/1"}],"replies":[{"embeddable":true,"href":"https:\/\/unionemontanadeicomunidelsangro.it\/index.php\/wp-json\/wp\/v2\/comments?post=4545"}],"version-history":[{"count":21,"href":"https:\/\/unionemontanadeicomunidelsangro.it\/index.php\/wp-json\/wp\/v2\/pages\/4545\/revisions"}],"predecessor-version":[{"id":4828,"href":"https:\/\/unionemontanadeicomunidelsangro.it\/index.php\/wp-json\/wp\/v2\/pages\/4545\/revisions\/4828"}],"wp:attachment":[{"href":"https:\/\/unionemontanadeicomunidelsangro.it\/index.php\/wp-json\/wp\/v2\/media?parent=4545"}],"curies":[{"name":"wp","href":"https:\/\/api.w.org\/{rel}","templated":true}]}}